{"id":1685,"date":"2023-06-07T00:27:45","date_gmt":"2023-06-06T22:27:45","guid":{"rendered":"https:\/\/azordisseny.com\/23\/parlem\/"},"modified":"2023-11-29T09:04:42","modified_gmt":"2023-11-29T08:04:42","slug":"hablamos","status":"publish","type":"page","link":"https:\/\/azordisseny.com\/es\/hablamos\/","title":{"rendered":"\u00bfHablamos?"},"content":{"rendered":"<section class=\"l-section wpb_row height_medium\"><div class=\"l-section-h i-cf\"><div class=\"g-cols vc_row via_grid cols_1-2 laptops-cols_inherit tablets-cols_inherit mobiles-cols_1 valign_top type_default stacking_default\"><div class=\"wpb_column vc_column_container\"><div class=\"vc_column-inner\"><div class=\"w-image align_none\"><div class=\"w-image-h\"><img loading=\"lazy\" decoding=\"async\" width=\"224\" height=\"216\" src=\"https:\/\/azordisseny.com\/wp-content\/uploads\/2020\/07\/globus.jpg\" class=\"attachment-large size-large\" alt=\"\" \/><\/div><\/div><\/div><\/div><div class=\"wpb_column vc_column_container\"><div class=\"vc_column-inner\"><div class=\"wpb_text_column us_custom_3d6bfe27\"><div class=\"wpb_wrapper\"><p>Dise\u00f1o gr\u00e1fico que transmite y emociona. Te ayudamos a sumar.<\/p>\n<\/div><\/div><div class=\"wpb_text_column us_custom_faa47779\"><div class=\"wpb_wrapper\"><p id=\"tw-target-text\" class=\"tw-data-text tw-text-large tw-ta\" dir=\"ltr\" data-placeholder=\"Traducci\u00f3n\" data-ved=\"2ahUKEwi59-uA3-iCAxUfUaQEHTlGBUsQ3ewLegQIBRAQ\"><span class=\"Y2IQFc\" lang=\"es\">Branding, Gr\u00e1fica Publicitaria, Dise\u00f1o de Producto, Dise\u00f1o de Packaging, Dise\u00f1o Editorial, Exposiciones, Ilustraci\u00f3n&#8230;<\/span><\/p>\n<\/div><\/div><div class=\"wpb_text_column us_custom_faa47779\"><div class=\"wpb_wrapper\"><p>Nos gustan los clientes felices.<\/p>\n<p><strong>\u00bfQuieres ser uno de ellos? Cont\u00e1ctanos.<\/strong><\/p>\n<\/div><\/div><\/div><\/div><\/div><\/div><\/section>\n","protected":false},"excerpt":{"rendered":"Dise\u00f1o gr\u00e1fico que transmite y emociona. Te ayudamos a sumar. Branding, Gr\u00e1fica Publicitaria, Dise\u00f1o de Producto, Dise\u00f1o de Packaging, Dise\u00f1o Editorial, Exposiciones, Ilustraci\u00f3n&#8230; Nos gustan los clientes felices. \u00bfQuieres ser uno de ellos? Cont\u00e1ctanos.","protected":false},"author":1,"featured_media":0,"parent":0,"menu_order":0,"comment_status":"closed","ping_status":"closed","template":"","meta":{"footnotes":""},"class_list":["post-1685","page","type-page","status-publish","hentry"],"acf":[],"_links":{"self":[{"href":"https:\/\/azordisseny.com\/es\/wp-json\/wp\/v2\/pages\/1685","targetHints":{"allow":["GET"]}}],"collection":[{"href":"https:\/\/azordisseny.com\/es\/wp-json\/wp\/v2\/pages"}],"about":[{"href":"https:\/\/azordisseny.com\/es\/wp-json\/wp\/v2\/types\/page"}],"author":[{"embeddable":true,"href":"https:\/\/azordisseny.com\/es\/wp-json\/wp\/v2\/users\/1"}],"replies":[{"embeddable":true,"href":"https:\/\/azordisseny.com\/es\/wp-json\/wp\/v2\/comments?post=1685"}],"version-history":[{"count":3,"href":"https:\/\/azordisseny.com\/es\/wp-json\/wp\/v2\/pages\/1685\/revisions"}],"predecessor-version":[{"id":1978,"href":"https:\/\/azordisseny.com\/es\/wp-json\/wp\/v2\/pages\/1685\/revisions\/1978"}],"wp:attachment":[{"href":"https:\/\/azordisseny.com\/es\/wp-json\/wp\/v2\/media?parent=1685"}],"curies":[{"name":"wp","href":"https:\/\/api.w.org\/{rel}","templated":true}]}}